{"id":15,"date":"2023-09-22T23:37:56","date_gmt":"2023-09-22T21:37:56","guid":{"rendered":"https:\/\/moroccantaxidriver.com\/?page_id=15"},"modified":"2024-02-29T20:16:18","modified_gmt":"2024-02-29T19:16:18","slug":"taxi-airport","status":"publish","type":"page","link":"https:\/\/moroccantaxidriver.com\/en\/taxi-aeroport\/","title":{"rendered":"Taxi Airport"},"content":{"rendered":"<div data-elementor-type=\"wp-page\" data-elementor-id=\"15\" class=\"elementor elementor-15\" data-elementor-post-type=\"page\">\n\t\t\t\t<div class=\"elementor-element elementor-element-dbff337 e-flex e-con-boxed e-con e-parent\" data-id=\"dbff337\" data-element_type=\"container\" data-e-type=\"container\" data-settings=\"{&quot;background_background&quot;:&quot;classic&quot;}\">\n\t\t\t\t\t<div class=\"e-con-inner\">\n\t\t\t\t\t<\/div>\n\t\t\t\t<\/div>\n\t\t<div class=\"elementor-element elementor-element-c164d9f e-flex e-con-boxed e-con e-parent\" data-id=\"c164d9f\" data-element_type=\"container\" data-e-type=\"container\">\n\t\t\t\t\t<div class=\"e-con-inner\">\n\t\t<div class=\"elementor-element elementor-element-85c2064 e-con-full e-flex e-con e-child\" data-id=\"85c2064\" data-element_type=\"container\" data-e-type=\"container\">\n\t\t\t\t<div class=\"elementor-element elementor-element-00a66bc __border-bt-img elementor-widget elementor-widget-image\" data-id=\"00a66bc\" data-element_type=\"widget\" data-e-type=\"widget\" data-widget_type=\"image.default\">\n\t\t\t\t<div class=\"elementor-widget-container\">\n\t\t\t\t\t\t\t\t\t\t\t\t\t\t\t\t<a href=\"https:\/\/white-giraffe-387208.hostingersite.com\/taxi-aeroport-marrakech\/\" rel=\"noopener\">\n\t\t\t\t\t\t\t<img fetchpriority=\"high\" decoding=\"async\" width=\"800\" height=\"600\" src=\"https:\/\/moroccantaxidriver.com\/wp-content\/uploads\/2023\/10\/Aeroport-international-Marrakech-Menara.webp\" class=\"attachment-large size-large wp-image-1081\" alt=\"taxi airport marrakech\" srcset=\"https:\/\/moroccantaxidriver.com\/wp-content\/uploads\/2023\/10\/Aeroport-international-Marrakech-Menara.webp 800w, https:\/\/moroccantaxidriver.com\/wp-content\/uploads\/2023\/10\/Aeroport-international-Marrakech-Menara-300x225.webp 300w, https:\/\/moroccantaxidriver.com\/wp-content\/uploads\/2023\/10\/Aeroport-international-Marrakech-Menara-768x576.webp 768w\" sizes=\"(max-width: 800px) 100vw, 800px\" \/>\t\t\t\t\t\t\t\t<\/a>\n\t\t\t\t\t\t\t\t\t\t\t\t\t\t\t<\/div>\n\t\t\t\t<\/div>\n\t\t<div class=\"elementor-element elementor-element-bd04be7 e-flex e-con-boxed e-con e-child\" data-id=\"bd04be7\" data-element_type=\"container\" data-e-type=\"container\">\n\t\t\t\t\t<div class=\"e-con-inner\">\n\t\t\t\t<div class=\"elementor-element elementor-element-3f948f0 elementor-widget elementor-widget-heading\" data-id=\"3f948f0\" data-element_type=\"widget\" data-e-type=\"widget\" data-widget_type=\"heading.default\">\n\t\t\t\t<div class=\"elementor-widget-container\">\n\t\t\t\t\t<h5 class=\"elementor-heading-title elementor-size-default\">Taxi Airport Marrakech<\/h5>\t\t\t\t<\/div>\n\t\t\t\t<\/div>\n\t\t\t\t<div class=\"elementor-element elementor-element-82dc780 elementor-widget__width-initial elementor-widget elementor-widget-text-editor\" data-id=\"82dc780\" data-element_type=\"widget\" data-e-type=\"widget\" data-widget_type=\"text-editor.default\">\n\t\t\t\t<div class=\"elementor-widget-container\">\n\t\t\t\t\t\t\t\t\t<p class=\"translation-block\">Welcome to Marrakech, the wonderful gateway to Morocco! At Moroccan Taxi Service, we strive to make your trip to Morocco as comfortable and hassle-free as possible. Our transport service from<strong><a href=\"https:\/\/www.onda.ma\/fr\/Our-Airports\/Marrakech-M\u00e9nara Airport\" target=\"_blank\" rel=\"nofollow noopener\"> the airport from Marrakech<\/a><\/strong>to different cities of this wonderful country guarantees you.<\/p>\t\t\t\t\t\t\t\t<\/div>\n\t\t\t\t<\/div>\n\t\t\t\t<div class=\"elementor-element elementor-element-c14bcaf premium-lq__none elementor-widget elementor-widget-premium-addon-button\" data-id=\"c14bcaf\" data-element_type=\"widget\" data-e-type=\"widget\" data-widget_type=\"premium-addon-button.default\">\n\t\t\t\t<div class=\"elementor-widget-container\">\n\t\t\t\t\t\r\n\r\n\t\t<a class=\"premium-button premium-button-style6 premium-btn-sm premium-button-style6\" href=\"https:\/\/moroccantaxidriver.com\/en\/taxi-airport-marrakech\/\">\r\n\t\t\t<div class=\"premium-button-text-icon-wrapper\">\r\n\t\t\t\t\r\n\t\t\t\t\t\t\t\t\t<span >\r\n\t\t\t\t\t\tDiscover Now \t\t\t\t\t<\/span>\r\n\t\t\t\t\t\t\t<\/div>\r\n\r\n\t\t\t\r\n\t\t\t\r\n\t\t\t\r\n\t\t<\/a>\r\n\r\n\r\n\t\t\t\t\t\t<\/div>\n\t\t\t\t<\/div>\n\t\t\t\t\t<\/div>\n\t\t\t\t<\/div>\n\t\t\t\t<\/div>\n\t\t<div class=\"elementor-element elementor-element-18ce5ca e-con-full e-flex e-con e-child\" data-id=\"18ce5ca\" data-element_type=\"container\" data-e-type=\"container\">\n\t\t\t\t<div class=\"elementor-element elementor-element-53c6973 __border-bt-img elementor-widget elementor-widget-image\" data-id=\"53c6973\" data-element_type=\"widget\" data-e-type=\"widget\" data-widget_type=\"image.default\">\n\t\t\t\t<div class=\"elementor-widget-container\">\n\t\t\t\t\t\t\t\t\t\t\t\t\t\t\t\t<a href=\"https:\/\/white-giraffe-387208.hostingersite.com\/taxi-aeroport-essaouira\/\" rel=\"noopener\">\n\t\t\t\t\t\t\t<img decoding=\"async\" width=\"800\" height=\"571\" src=\"https:\/\/moroccantaxidriver.com\/wp-content\/uploads\/2023\/10\/transfert-aeroport-essaouira-1024x731.webp\" class=\"attachment-large size-large wp-image-1121\" alt=\"taxi airport essaouira\" srcset=\"https:\/\/moroccantaxidriver.com\/wp-content\/uploads\/2023\/10\/transfert-aeroport-essaouira-1024x731.webp 1024w, https:\/\/moroccantaxidriver.com\/wp-content\/uploads\/2023\/10\/transfert-aeroport-essaouira-300x214.webp 300w, https:\/\/moroccantaxidriver.com\/wp-content\/uploads\/2023\/10\/transfert-aeroport-essaouira-768x548.webp 768w, https:\/\/moroccantaxidriver.com\/wp-content\/uploads\/2023\/10\/transfert-aeroport-essaouira.webp 1200w\" sizes=\"(max-width: 800px) 100vw, 800px\" \/>\t\t\t\t\t\t\t\t<\/a>\n\t\t\t\t\t\t\t\t\t\t\t\t\t\t\t<\/div>\n\t\t\t\t<\/div>\n\t\t<div class=\"elementor-element elementor-element-dd2efd2 e-flex e-con-boxed e-con e-child\" data-id=\"dd2efd2\" data-element_type=\"container\" data-e-type=\"container\">\n\t\t\t\t\t<div class=\"e-con-inner\">\n\t\t\t\t<div class=\"elementor-element elementor-element-97bf163 elementor-widget elementor-widget-heading\" data-id=\"97bf163\" data-element_type=\"widget\" data-e-type=\"widget\" data-widget_type=\"heading.default\">\n\t\t\t\t<div class=\"elementor-widget-container\">\n\t\t\t\t\t<h5 class=\"elementor-heading-title elementor-size-default\">Taxi Airport Essaouira<\/h5>\t\t\t\t<\/div>\n\t\t\t\t<\/div>\n\t\t\t\t<div class=\"elementor-element elementor-element-4f89d80 elementor-widget__width-initial elementor-widget elementor-widget-text-editor\" data-id=\"4f89d80\" data-element_type=\"widget\" data-e-type=\"widget\" data-widget_type=\"text-editor.default\">\n\t\t\t\t<div class=\"elementor-widget-container\">\n\t\t\t\t\t\t\t\t\t<p class=\"translation-block\">When you set foot at <span style=\"font-weight: bolder\"><a href=\"https:\/\/www.onda.ma\/Nos-Aroports\/Aroport-Essaouira-Mogador ?fullbrowser\" target=\"_blank\" rel=\"nofollow noopener\">Essaouira Airport<\/a><\/span>, you open the doors to an authentic experience in the heart of Morocco, and our transfer service is your guarantee of a trip full of elegance and serenity. At <span style=\"font-weight: bolder\">Moroccan Taxi Driver<\/span>, our commitment is to offer you an unforgettable transfer experience.<\/p>\t\t\t\t\t\t\t\t<\/div>\n\t\t\t\t<\/div>\n\t\t\t\t<div class=\"elementor-element elementor-element-cb02f82 premium-lq__none elementor-widget elementor-widget-premium-addon-button\" data-id=\"cb02f82\" data-element_type=\"widget\" data-e-type=\"widget\" data-widget_type=\"premium-addon-button.default\">\n\t\t\t\t<div class=\"elementor-widget-container\">\n\t\t\t\t\t\r\n\r\n\t\t<a class=\"premium-button premium-button-style6 premium-btn-sm premium-button-style6\" href=\"https:\/\/moroccantaxidriver.com\/en\/taxi-airport-essaouira\/\">\r\n\t\t\t<div class=\"premium-button-text-icon-wrapper\">\r\n\t\t\t\t\r\n\t\t\t\t\t\t\t\t\t<span >\r\n\t\t\t\t\t\tDiscover Now \t\t\t\t\t<\/span>\r\n\t\t\t\t\t\t\t<\/div>\r\n\r\n\t\t\t\r\n\t\t\t\r\n\t\t\t\r\n\t\t<\/a>\r\n\r\n\r\n\t\t\t\t\t\t<\/div>\n\t\t\t\t<\/div>\n\t\t\t\t\t<\/div>\n\t\t\t\t<\/div>\n\t\t\t\t<\/div>\n\t\t<div class=\"elementor-element elementor-element-1bfe730 e-con-full e-flex e-con e-child\" data-id=\"1bfe730\" data-element_type=\"container\" data-e-type=\"container\">\n\t\t\t\t<div class=\"elementor-element elementor-element-52eb17d __border-bt-img elementor-widget elementor-widget-image\" data-id=\"52eb17d\" data-element_type=\"widget\" data-e-type=\"widget\" data-widget_type=\"image.default\">\n\t\t\t\t<div class=\"elementor-widget-container\">\n\t\t\t\t\t\t\t\t\t\t\t\t\t\t\t\t<a href=\"https:\/\/white-giraffe-387208.hostingersite.com\/taxi-aeroport-agadir\/\" rel=\"noopener\">\n\t\t\t\t\t\t\t<img decoding=\"async\" width=\"800\" height=\"534\" src=\"https:\/\/moroccantaxidriver.com\/wp-content\/uploads\/2023\/10\/transfert-Aeroport-Agadir.jpg\" class=\"attachment-large size-large wp-image-1149\" alt=\"taxi Agadir Airport\" srcset=\"https:\/\/moroccantaxidriver.com\/wp-content\/uploads\/2023\/10\/transfert-Aeroport-Agadir.jpg 800w, https:\/\/moroccantaxidriver.com\/wp-content\/uploads\/2023\/10\/transfert-Aeroport-Agadir-300x200.jpg 300w, https:\/\/moroccantaxidriver.com\/wp-content\/uploads\/2023\/10\/transfert-Aeroport-Agadir-768x513.jpg 768w\" sizes=\"(max-width: 800px) 100vw, 800px\" \/>\t\t\t\t\t\t\t\t<\/a>\n\t\t\t\t\t\t\t\t\t\t\t\t\t\t\t<\/div>\n\t\t\t\t<\/div>\n\t\t<div class=\"elementor-element elementor-element-2250fed e-flex e-con-boxed e-con e-child\" data-id=\"2250fed\" data-element_type=\"container\" data-e-type=\"container\">\n\t\t\t\t\t<div class=\"e-con-inner\">\n\t\t\t\t<div class=\"elementor-element elementor-element-5752ec4 elementor-widget elementor-widget-heading\" data-id=\"5752ec4\" data-element_type=\"widget\" data-e-type=\"widget\" data-widget_type=\"heading.default\">\n\t\t\t\t<div class=\"elementor-widget-container\">\n\t\t\t\t\t<h5 class=\"elementor-heading-title elementor-size-default\">Taxi Airport Agadir<\/h5>\t\t\t\t<\/div>\n\t\t\t\t<\/div>\n\t\t\t\t<div class=\"elementor-element elementor-element-c7cbf56 elementor-widget__width-initial elementor-widget elementor-widget-text-editor\" data-id=\"c7cbf56\" data-element_type=\"widget\" data-e-type=\"widget\" data-widget_type=\"text-editor.default\">\n\t\t\t\t<div class=\"elementor-widget-container\">\n\t\t\t\t\t\t\t\t\t<p class=\"translation-block\">Discover the magic of Morocco from the moment you arrive at Agadir Airport with Moroccan Taxi Driver. Our luxurious vehicles and experienced drivers are dedicated to providing you with an exceptional transfer experience, whisking you away to your chosen destination in comfort and style.<\/p>\t\t\t\t\t\t\t\t<\/div>\n\t\t\t\t<\/div>\n\t\t\t\t<div class=\"elementor-element elementor-element-b7199a4 premium-lq__none elementor-widget elementor-widget-premium-addon-button\" data-id=\"b7199a4\" data-element_type=\"widget\" data-e-type=\"widget\" data-widget_type=\"premium-addon-button.default\">\n\t\t\t\t<div class=\"elementor-widget-container\">\n\t\t\t\t\t\r\n\r\n\t\t<a class=\"premium-button premium-button-style6 premium-btn-sm premium-button-style6\" href=\"https:\/\/moroccantaxidriver.com\/en\/taxi-airport-agadir\/\">\r\n\t\t\t<div class=\"premium-button-text-icon-wrapper\">\r\n\t\t\t\t\r\n\t\t\t\t\t\t\t\t\t<span >\r\n\t\t\t\t\t\tDiscover Now \t\t\t\t\t<\/span>\r\n\t\t\t\t\t\t\t<\/div>\r\n\r\n\t\t\t\r\n\t\t\t\r\n\t\t\t\r\n\t\t<\/a>\r\n\r\n\r\n\t\t\t\t\t\t<\/div>\n\t\t\t\t<\/div>\n\t\t\t\t\t<\/div>\n\t\t\t\t<\/div>\n\t\t\t\t<\/div>\n\t\t<div class=\"elementor-element elementor-element-b1181d3 e-con-full e-flex e-con e-child\" data-id=\"b1181d3\" data-element_type=\"container\" data-e-type=\"container\">\n\t\t\t\t<div class=\"elementor-element elementor-element-aee9206 __border-bt-img elementor-widget elementor-widget-image\" data-id=\"aee9206\" data-element_type=\"widget\" data-e-type=\"widget\" data-widget_type=\"image.default\">\n\t\t\t\t<div class=\"elementor-widget-container\">\n\t\t\t\t\t\t\t\t\t\t\t\t\t\t\t\t<a href=\"https:\/\/white-giraffe-387208.hostingersite.com\/taxi-aeroport-casablanca\/\" rel=\"noopener\">\n\t\t\t\t\t\t\t<img loading=\"lazy\" decoding=\"async\" width=\"800\" height=\"534\" src=\"https:\/\/moroccantaxidriver.com\/wp-content\/uploads\/2023\/10\/transfert-aeroport-casablanca-1-1024x683.webp\" class=\"attachment-large size-large wp-image-1179\" alt=\"casablanca airport taxi\" srcset=\"https:\/\/moroccantaxidriver.com\/wp-content\/uploads\/2023\/10\/transfert-aeroport-casablanca-1-1024x683.webp 1024w, https:\/\/moroccantaxidriver.com\/wp-content\/uploads\/2023\/10\/transfert-aeroport-casablanca-1-300x200.webp 300w, https:\/\/moroccantaxidriver.com\/wp-content\/uploads\/2023\/10\/transfert-aeroport-casablanca-1-768x512.webp 768w, https:\/\/moroccantaxidriver.com\/wp-content\/uploads\/2023\/10\/transfert-aeroport-casablanca-1.webp 1200w\" sizes=\"(max-width: 800px) 100vw, 800px\" \/>\t\t\t\t\t\t\t\t<\/a>\n\t\t\t\t\t\t\t\t\t\t\t\t\t\t\t<\/div>\n\t\t\t\t<\/div>\n\t\t<div class=\"elementor-element elementor-element-27e5ac7 e-flex e-con-boxed e-con e-child\" data-id=\"27e5ac7\" data-element_type=\"container\" data-e-type=\"container\">\n\t\t\t\t\t<div class=\"e-con-inner\">\n\t\t\t\t<div class=\"elementor-element elementor-element-db5452a elementor-widget elementor-widget-heading\" data-id=\"db5452a\" data-element_type=\"widget\" data-e-type=\"widget\" data-widget_type=\"heading.default\">\n\t\t\t\t<div class=\"elementor-widget-container\">\n\t\t\t\t\t<h5 class=\"elementor-heading-title elementor-size-default\">Taxi Airport Casablanca <\/h5>\t\t\t\t<\/div>\n\t\t\t\t<\/div>\n\t\t\t\t<div class=\"elementor-element elementor-element-baf6e08 elementor-widget__width-initial elementor-widget elementor-widget-text-editor\" data-id=\"baf6e08\" data-element_type=\"widget\" data-e-type=\"widget\" data-widget_type=\"text-editor.default\">\n\t\t\t\t<div class=\"elementor-widget-container\">\n\t\t\t\t\t\t\t\t\t<p class=\"translation-block\">Your trip to Morocco begins with a hassle-free arrival at<span style=\"font-weight: bolder\"><a href=\"http:\/\/www.aeroport-mohammed-5-de-casablanca.com\/\" target=\"_blank\" rel=\"nofollow noopener\">Casablanca Airport<\/a><\/span>, and our transfer service is here to guarantee you an exceptional experience. At <span style=\"font-weight: bold\">Moroccan Taxi Driver<\/span>, we are committed to providing you with a first-class transfer service from the airport to the destinations of your choice throughout Morocco .<\/p>\t\t\t\t\t\t\t\t<\/div>\n\t\t\t\t<\/div>\n\t\t\t\t<div class=\"elementor-element elementor-element-fcf4d13 premium-lq__none elementor-widget elementor-widget-premium-addon-button\" data-id=\"fcf4d13\" data-element_type=\"widget\" data-e-type=\"widget\" data-widget_type=\"premium-addon-button.default\">\n\t\t\t\t<div class=\"elementor-widget-container\">\n\t\t\t\t\t\r\n\r\n\t\t<a class=\"premium-button premium-button-style6 premium-btn-sm premium-button-style6\" href=\"https:\/\/moroccantaxidriver.com\/en\/taxi-airport-casablanca\/\">\r\n\t\t\t<div class=\"premium-button-text-icon-wrapper\">\r\n\t\t\t\t\r\n\t\t\t\t\t\t\t\t\t<span >\r\n\t\t\t\t\t\tDiscover Now \t\t\t\t\t<\/span>\r\n\t\t\t\t\t\t\t<\/div>\r\n\r\n\t\t\t\r\n\t\t\t\r\n\t\t\t\r\n\t\t<\/a>\r\n\r\n\r\n\t\t\t\t\t\t<\/div>\n\t\t\t\t<\/div>\n\t\t\t\t\t<\/div>\n\t\t\t\t<\/div>\n\t\t\t\t<\/div>\n\t\t<div class=\"elementor-element elementor-element-a39cc40 e-con-full e-flex e-con e-child\" data-id=\"a39cc40\" data-element_type=\"container\" data-e-type=\"container\" data-settings=\"{&quot;background_background&quot;:&quot;classic&quot;}\">\n\t\t\t\t<div class=\"elementor-element elementor-element-2c1b5bb elementor-widget elementor-widget-heading\" data-id=\"2c1b5bb\" data-element_type=\"widget\" data-e-type=\"widget\" data-widget_type=\"heading.default\">\n\t\t\t\t<div class=\"elementor-widget-container\">\n\t\t\t\t\t<h2 class=\"elementor-heading-title elementor-size-default\">We are working hard to add more\ndestinations...<\/h2>\t\t\t\t<\/div>\n\t\t\t\t<\/div>\n\t\t\t\t<\/div>\n\t\t\t\t\t<\/div>\n\t\t\t\t<\/div>\n\t\t\t\t<\/div>","protected":false},"excerpt":{"rendered":"<p>Taxi A\u00e9roport Marrakech Bienvenue \u00e0 Marrakech, la merveilleuse porte d&rsquo;entr\u00e9e du Maroc ! Au programme de chauffeur de taxi marocain, nous nous effor\u00e7ons de rendre votre voyage au Maroc aussi confortable et sans tracas que possible. Notre service de transport depuis l&rsquo;a\u00e9roport de Marrakech vers diff\u00e9rentes villes de ce merveilleux pays vous garantit. D\u00e9couvrir Maintenant [&hellip;]<\/p>\n","protected":false},"author":1,"featured_media":204,"parent":0,"menu_order":0,"comment_status":"closed","ping_status":"closed","template":"","meta":{"footnotes":""},"class_list":["post-15","page","type-page","status-publish","has-post-thumbnail","hentry"],"_links":{"self":[{"href":"https:\/\/moroccantaxidriver.com\/en\/wp-json\/wp\/v2\/pages\/15","targetHints":{"allow":["GET"]}}],"collection":[{"href":"https:\/\/moroccantaxidriver.com\/en\/wp-json\/wp\/v2\/pages"}],"about":[{"href":"https:\/\/moroccantaxidriver.com\/en\/wp-json\/wp\/v2\/types\/page"}],"author":[{"embeddable":true,"href":"https:\/\/moroccantaxidriver.com\/en\/wp-json\/wp\/v2\/users\/1"}],"replies":[{"embeddable":true,"href":"https:\/\/moroccantaxidriver.com\/en\/wp-json\/wp\/v2\/comments?post=15"}],"version-history":[{"count":0,"href":"https:\/\/moroccantaxidriver.com\/en\/wp-json\/wp\/v2\/pages\/15\/revisions"}],"wp:featuredmedia":[{"embeddable":true,"href":"https:\/\/moroccantaxidriver.com\/en\/wp-json\/wp\/v2\/media\/204"}],"wp:attachment":[{"href":"https:\/\/moroccantaxidriver.com\/en\/wp-json\/wp\/v2\/media?parent=15"}],"curies":[{"name":"wp","href":"https:\/\/api.w.org\/{rel}","templated":true}]}}